{"id":97,"date":"2012-04-18T18:26:42","date_gmt":"2012-04-18T17:26:42","guid":{"rendered":"https:\/\/olivedrab-ape-449500.hostingersite.com\/?page_id=97"},"modified":"2013-02-12T15:49:14","modified_gmt":"2013-02-12T14:49:14","slug":"nuestrso-servicios","status":"publish","type":"page","link":"https:\/\/thaserperitos.com\/","title":{"rendered":"Expertos en Siniestros"},"content":{"rendered":"<div class=\"one_third\"><h3>Veh\u00edculos, turismos, industriales, motocicletas\u2026<\/h3>\n<ul class=\"list2 list_color_red\">\n<li>Tasaci\u00f3n de da\u00f1os.<\/li>\n<li>Origen y causas de aver\u00edas.<\/li>\n<li>Inspecci\u00f3n de veh\u00edculos.<\/li>\n<li>Revisi\u00f3n y prueba de veh\u00edculos de ocasi\u00f3n.<\/li>\n<li>Valor venal, valor mercado, valor residual.<\/li>\n<li>Auditorias de reparaciones.<\/li>\n<li>Defectos de montaje y\/o fabricaci\u00f3n.<\/li>\n<\/ul>\n<figure class=\"image_styled aligncenter image_fit_mobile\" style=\"width:292px;\">\n\t\t<div class=\"image_frame effect-icon\"><div class=\"image_shadow_wrap\">\n\t\t<a data-fittoview=\"true\" class=\"image_size_medium image_icon_zoom lightbox\" title=\"Veh\u00edculos\" href=\"https:\/\/thaserperitos.com\/wp-content\/uploads\/2012\/05\/vehiculos_13.jpg\"><img decoding=\"async\" alt=\"Veh\u00edculos\" src=\"https:\/\/thaserperitos.com\/wp-content\/uploads\/strikingr\/images\/164_vehiculos_13-290x150.jpg\" data-theme-retina-image=\"false\"  data-thumbnail=\"164\" width=\"290\" height=\"150\" \/><\/a>\n\t\t<\/div><\/div><\/figure>\n<p style=\"text-align: right;\"><a title=\"\" href=\"https:\/\/thaserperitos.com\/wp-content\/uploads\/2012\/05\/vehiculos_13.jpg\" data-fancybx-group=\"vehiculos\" class=\"lightbox\"><strong>Fotos -&gt; veh\u00edculos&#8230;<\/strong><\/a><a title=\"\" href=\"https:\/\/thaserperitos.com\/wp-content\/uploads\/2012\/05\/vehiculos_43.jpg\" data-fancybx-group=\"vehiculos\" class=\"lightbox\"><\/a><a title=\"\" href=\"https:\/\/thaserperitos.com\/wp-content\/uploads\/2012\/05\/vehiculos_23.jpg\" data-fancybx-group=\"vehiculos\" class=\"lightbox\"><\/a><a title=\"\" href=\"https:\/\/thaserperitos.com\/wp-content\/uploads\/2012\/05\/vehiculos_33.jpg\" data-fancybx-group=\"vehiculos\" class=\"lightbox\"> <\/a>\n<h3><\/div><div class=\"one_third\"><\/h3>\n<h3>Riesgos Diversos, Hogar, Comunidades, Comercios\u2026<\/h3>\n<ul class=\"list2 list_color_red\">\n<li>Tasaci\u00f3n de da\u00f1os.<\/li>\n<li>Responsabilidad civil.<\/li>\n<li>Origen y causas de aver\u00edas<\/li>\n<li>Inspecci\u00f3n de riesgos.<\/li>\n<li>Valor a nuevo, valor mercado.<\/li>\n<li>Defectos de construcci\u00f3n, montaje y\/o fabricaci\u00f3n.<\/li>\n<li>Auditorias de reparaciones.<\/li>\n<\/ul>\n<figure class=\"image_styled aligncenter image_fit_mobile\" style=\"width:292px;\">\n\t\t<div class=\"image_frame effect-icon\"><div class=\"image_shadow_wrap\">\n\t\t<a data-fittoview=\"true\" class=\"image_size_medium image_icon_zoom lightbox\" title=\"Diversos\" href=\"https:\/\/thaserperitos.com\/wp-content\/uploads\/2012\/04\/2-RIESGOS-DIVERSOS-HOGAR-COMUNIDADES-..-1.jpg\"><img decoding=\"async\" alt=\"Diversos\" src=\"https:\/\/thaserperitos.com\/wp-content\/uploads\/strikingr\/images\/55_2-RIESGOS-DIVERSOS-HOGAR-COMUNIDADES-..-1-290x150.jpg\" data-theme-retina-image=\"false\"  data-thumbnail=\"55\" width=\"290\" height=\"150\" \/><\/a>\n\t\t<\/div><\/div><\/figure>\n<p style=\"text-align: right;\"><a title=\"\" href=\"https:\/\/thaserperitos.com\/wp-content\/uploads\/2012\/04\/2-RIESGOS-DIVERSOS-HOGAR-COMUNIDADES-..-1.jpg\" data-fancybx-group=\"riesgos\" class=\"lightbox\"><strong>Fotos -&gt; <\/strong><strong>Riesgos Diversos&#8230;<\/strong><\/a><a title=\"\" href=\"https:\/\/thaserperitos.com\/wp-content\/uploads\/2012\/04\/2-RIESGOS-DIVERSOS-HOGAR-COMUNIDADES-..-3.jpg\" data-fancybx-group=\"riesgos\" class=\"lightbox\"><\/a><a title=\"\" href=\"https:\/\/thaserperitos.com\/wp-content\/uploads\/2012\/04\/2-RIESGOS-DIVERSOS-HOGAR-COMUNIDADES-..-4.jpg\" data-fancybx-group=\"riesgos\" class=\"lightbox\"><\/a><\/div>\n<div class=\"one_third last\"><h3>Riesgos Industriales, Pymes, Almacenes, Maquinaria\u2026<\/h3>\n<ul class=\"list2 list_color_red\">\n<li>Tasaci\u00f3n de da\u00f1os.<\/li>\n<li>Responsabilidad civil profesional.<\/li>\n<li>Lucro cesante.<\/li>\n<li>Origen y causas de aver\u00edas.<\/li>\n<li>Inspecci\u00f3n de riesgos.<\/li>\n<li>Salvamento.<\/li>\n<li>Valor mercado.<\/li>\n<li>Control de preexistencias<\/li>\n<li>Defectos de construcci\u00f3n, montaje y\/o fabricaci\u00f3n.<\/li>\n<li>Auditorias de reparaciones.<\/li>\n<\/ul> <figure class=\"image_styled aligncenter image_fit_mobile\" style=\"width:292px;\">\n\t\t<div class=\"image_frame effect-icon\"><div class=\"image_shadow_wrap\">\n\t\t<a data-fittoview=\"true\" class=\"image_size_medium image_icon_zoom lightbox\" title=\"Riesgos\" href=\"https:\/\/thaserperitos.com\/wp-content\/uploads\/2012\/04\/3-industriales-pymes-.-1.jpg\"><img decoding=\"async\" alt=\"Riesgos\" src=\"https:\/\/thaserperitos.com\/wp-content\/uploads\/strikingr\/images\/59_3-industriales-pymes-.-1-290x150.jpg\" data-theme-retina-image=\"false\"  data-thumbnail=\"59\" width=\"290\" height=\"150\" \/><\/a>\n\t\t<\/div><\/div><\/figure>\n<p style=\"text-align: right;\"><a title=\"\" href=\"https:\/\/thaserperitos.com\/wp-content\/uploads\/2012\/04\/3-industriales-pymes-.-1.jpg\" data-fancybx-group=\"industriales\" class=\"lightbox\"><strong>Fotos -&gt; <\/strong><strong>Industriales&#8230;<\/strong><\/a><a title=\"\" href=\"https:\/\/thaserperitos.com\/wp-content\/uploads\/2012\/04\/3-industriales-pymes-.-2.jpg\" data-fancybx-group=\"industriales\" class=\"lightbox\"><\/a><a title=\"\" href=\"https:\/\/thaserperitos.com\/wp-content\/uploads\/2012\/04\/3-industriales-pymes-.-3.jpg\" data-fancybx-group=\"industriales\" class=\"lightbox\"><\/a><a title=\"\" href=\"https:\/\/thaserperitos.com\/wp-content\/uploads\/2012\/04\/3-industriales-pymes-.-4.jpg\" data-fancybx-group=\"industriales\" class=\"lightbox\"> <\/a><\/div><div class=\"clearboth\"><\/div>\n<div class=\"one_third\"><h3>Reconstrucci\u00f3n accidentes\u2026<\/h3>\n<figure class=\"image_styled aligncenter image_fit_mobile\" style=\"width:292px;\">\n\t\t<div class=\"image_frame effect-icon\"><div class=\"image_shadow_wrap\">\n\t\t<a data-fittoview=\"true\" class=\"image_size_medium image_icon_zoom lightbox\" title=\"Reconstrucci\u00f3n\" href=\"https:\/\/thaserperitos.com\/wp-content\/uploads\/2012\/04\/4-reconstruccion-41.jpg\"><img decoding=\"async\" alt=\"Reconstrucci\u00f3n\" src=\"https:\/\/thaserperitos.com\/wp-content\/uploads\/strikingr\/images\/66_4-reconstruccion-41-290x150.jpg\" data-theme-retina-image=\"false\"  data-thumbnail=\"66\" width=\"290\" height=\"150\" \/><\/a>\n\t\t<\/div><\/div><\/figure>\n<p style=\"text-align: right;\"><a title=\"\" href=\"https:\/\/thaserperitos.com\/wp-content\/uploads\/2012\/04\/4-reconstruccion-41.jpg\" data-fancybx-group=\"reconstrucci\u00f3n\" class=\"lightbox\"><strong>Fotos -&gt; <\/strong><strong>Reconstrucci\u00f3n&#8230;<\/strong><\/a><a title=\"\" href=\"https:\/\/thaserperitos.com\/wp-content\/uploads\/2012\/04\/4-reconstruccion-3.jpg\" data-fancybx-group=\"reconstrucci\u00f3n\" class=\"lightbox\"><\/a><a title=\"\" href=\"https:\/\/thaserperitos.com\/wp-content\/uploads\/2012\/04\/4-reconstruccion-1.jpg\" data-fancybx-group=\"reconstrucci\u00f3n\" class=\"lightbox\"><\/a><a title=\"\" href=\"https:\/\/thaserperitos.com\/wp-content\/uploads\/2012\/04\/4-reconstruccion-2.jpg\" data-fancybx-group=\"reconstrucci\u00f3n\" class=\"lightbox\"> <\/a><\/div>\n<div class=\"one_third\"><h3>Causas e incendios\u2026<\/h3>\n<figure class=\"image_styled aligncenter image_fit_mobile\" style=\"width:292px;\">\n\t\t<div class=\"image_frame effect-icon\"><div class=\"image_shadow_wrap\">\n\t\t<a data-fittoview=\"true\" class=\"image_size_medium image_icon_zoom lightbox\" title=\"Causas e Incendios\" href=\"https:\/\/thaserperitos.com\/wp-content\/uploads\/2012\/04\/5-INCENDIO..-21.jpg\"><img decoding=\"async\" alt=\"Causas e Incendios\" src=\"https:\/\/thaserperitos.com\/wp-content\/uploads\/strikingr\/images\/68_5-INCENDIO..-21-290x150.jpg\" data-theme-retina-image=\"false\"  data-thumbnail=\"68\" width=\"290\" height=\"150\" \/><\/a>\n\t\t<\/div><\/div><\/figure>\n<p style=\"text-align: right;\"><a title=\"\" href=\"https:\/\/thaserperitos.com\/wp-content\/uploads\/2012\/04\/5-INCENDIO..-21.jpg\" data-fancybx-group=\"causas\" class=\"lightbox\"><strong>Fotos -&gt; <\/strong><strong>Causas e incendios&#8230;<\/strong><\/a><a title=\"\" href=\"https:\/\/thaserperitos.com\/wp-content\/uploads\/2012\/04\/5-INCENDIO..-11.jpg\" data-fancybx-group=\"causas\" class=\"lightbox\"><\/a><a title=\"\" href=\"https:\/\/thaserperitos.com\/wp-content\/uploads\/2012\/04\/5-INCENDIO..-3.jpg\" data-fancybx-group=\"causas\" class=\"lightbox\"><\/a><a title=\"\" href=\"https:\/\/thaserperitos.com\/wp-content\/uploads\/2012\/04\/5-INCENDIO..-4.jpg\" data-fancybx-group=\"causas\" class=\"lightbox\"> <\/a><\/div> <div class=\"one_third last\"><h3>Detecci\u00f3n de Fraudes\u2026<\/h3>\n<figure class=\"image_styled aligncenter image_fit_mobile\" style=\"width:292px;\">\n\t\t<div class=\"image_frame effect-icon\"><div class=\"image_shadow_wrap\">\n\t\t<a data-fittoview=\"true\" class=\"image_size_medium image_icon_zoom lightbox\" title=\"Fraudes\" href=\"https:\/\/thaserperitos.com\/wp-content\/uploads\/2012\/04\/6-FRAUDES-1.jpg\"><img decoding=\"async\" alt=\"Fraudes\" src=\"https:\/\/thaserperitos.com\/wp-content\/uploads\/strikingr\/images\/71_6-FRAUDES-1-290x150.jpg\" data-theme-retina-image=\"false\"  data-thumbnail=\"71\" width=\"290\" height=\"150\" \/><\/a>\n\t\t<\/div><\/div><\/figure>\n<p style=\"text-align: right;\"><a title=\"\" href=\"https:\/\/thaserperitos.com\/wp-content\/uploads\/2012\/04\/6-FRAUDES-1.jpg\" data-fancybx-group=\"fraudes\" class=\"lightbox\"><strong>Fotos -&gt; <\/strong>F<strong>raudes&#8230;<\/strong><\/a><a title=\"\" href=\"https:\/\/thaserperitos.com\/wp-content\/uploads\/2012\/04\/6-FRAUDES-2.jpg\" data-fancybx-group=\"fraudes\" class=\"lightbox\"><\/a><a title=\"\" href=\"https:\/\/thaserperitos.com\/wp-content\/uploads\/2012\/04\/6-FRAUDES-3.jpg\" data-fancybx-group=\"fraudes\" class=\"lightbox\"><\/a><a title=\"\" href=\"https:\/\/thaserperitos.com\/wp-content\/uploads\/2012\/04\/6-FRAUDES-4.jpg\" data-fancybx-group=\"fraudes\" class=\"lightbox\"> <\/a><\/div><div class=\"clearboth\"><\/div>\n<div class=\"one_third\"><h3>Siniestros de Mercanc\u00edas y transporte\u2026<\/h3>\n<figure class=\"image_styled aligncenter image_fit_mobile\" style=\"width:292px;\">\n\t\t<div class=\"image_frame effect-icon\"><div class=\"image_shadow_wrap\">\n\t\t<a data-fittoview=\"true\" class=\"image_size_medium image_icon_zoom lightbox\" title=\"Mercanc\u00edas\" href=\"https:\/\/thaserperitos.com\/wp-content\/uploads\/2012\/04\/7-MERCANCIA-4.jpg\"><img decoding=\"async\" alt=\"Mercanc\u00edas\" src=\"https:\/\/thaserperitos.com\/wp-content\/uploads\/strikingr\/images\/78_7-MERCANCIA-4-290x150.jpg\" data-theme-retina-image=\"false\"  data-thumbnail=\"78\" width=\"290\" height=\"150\" \/><\/a>\n\t\t<\/div><\/div><\/figure>\n<p style=\"text-align: right;\"><a title=\"\" href=\"https:\/\/thaserperitos.com\/wp-content\/uploads\/2012\/04\/7-MERCANCIA-4.jpg\" data-fancybx-group=\"Mercancias\" class=\"lightbox\"><strong>Fotos -&gt; mercanc\u00edas&#8230;<\/strong><\/a><a title=\"\" href=\"https:\/\/thaserperitos.com\/wp-content\/uploads\/2012\/04\/7-MERCANCIA-1.jpg\" data-fancybx-group=\"Mercancias\" class=\"lightbox\"><\/a><a title=\"\" href=\"https:\/\/thaserperitos.com\/wp-content\/uploads\/2012\/04\/7-MERCANCIA-2.jpg\" data-fancybx-group=\"Mercancias\" class=\"lightbox\"><\/a><a title=\"\" href=\"https:\/\/thaserperitos.com\/wp-content\/uploads\/2012\/04\/7-MERCANCIA-3.jpg\" data-fancybx-group=\"Mercancias\" class=\"lightbox\"> <\/a><\/div>\n<div class=\"one_third\"><h3>Siniestros de Veh\u00edculos en Garant\u00eda\u2026<\/h3>\n<figure class=\"image_styled aligncenter image_fit_mobile\" style=\"width:292px;\">\n\t\t<div class=\"image_frame effect-icon\"><div class=\"image_shadow_wrap\">\n\t\t<a data-fittoview=\"true\" class=\"image_size_medium image_icon_zoom lightbox\" title=\"Veh\u00edculos en Garant\u00eda\" href=\"https:\/\/thaserperitos.com\/wp-content\/uploads\/2012\/04\/8-GARANTIAS-31.jpg\"><img decoding=\"async\" alt=\"Veh\u00edculos en Garant\u00eda\" src=\"https:\/\/thaserperitos.com\/wp-content\/uploads\/strikingr\/images\/81_8-GARANTIAS-31-290x150.jpg\" data-theme-retina-image=\"false\"  data-thumbnail=\"81\" width=\"290\" height=\"150\" \/><\/a>\n\t\t<\/div><\/div><\/figure>\n<p style=\"text-align: right;\"><a title=\"\" href=\"https:\/\/thaserperitos.com\/wp-content\/uploads\/2012\/04\/8-GARANTIAS-31.jpg\" data-fancybx-group=\"Garantia\" class=\"lightbox\"><strong>Fotos -&gt; veh\u00edculos en garant\u00eda&#8230;<\/strong><\/a><a title=\"\" href=\"https:\/\/thaserperitos.com\/wp-content\/uploads\/2012\/04\/8-GARANTIAS-2.jpg\" data-fancybx-group=\"Garantia\" class=\"lightbox\"><\/a><a title=\"\" href=\"https:\/\/thaserperitos.com\/wp-content\/uploads\/2012\/04\/8-GARANTIAS-1.jpg\" data-fancybx-group=\"Garantia\" class=\"lightbox\"><\/a><a title=\"\" href=\"https:\/\/thaserperitos.com\/wp-content\/uploads\/2012\/04\/8-GARANTIAS-4.jpg\" data-fancybx-group=\"Garantia\" class=\"lightbox\"> <\/a><\/div> <div class=\"one_third last\"><h3>Embarcaciones de Recreo\u2026<\/h3>\n<figure class=\"image_styled aligncenter image_fit_mobile\" style=\"width:292px;\">\n\t\t<div class=\"image_frame effect-icon\"><div class=\"image_shadow_wrap\">\n\t\t<a data-fittoview=\"true\" class=\"image_size_medium image_icon_zoom lightbox\" title=\"Embarcaciones\" href=\"https:\/\/thaserperitos.com\/wp-content\/uploads\/2012\/04\/EMBARCACIONES-4.jpg\"><img decoding=\"async\" alt=\"Embarcaciones\" src=\"https:\/\/thaserperitos.com\/wp-content\/uploads\/strikingr\/images\/86_EMBARCACIONES-4-290x150.jpg\" data-theme-retina-image=\"false\"  data-thumbnail=\"86\" width=\"290\" height=\"150\" \/><\/a>\n\t\t<\/div><\/div><\/figure>\n<p style=\"text-align: right;\"><a title=\"\" href=\"https:\/\/thaserperitos.com\/wp-content\/uploads\/2012\/04\/EMBARCACIONES-4.jpg\" data-fancybx-group=\"Embarcaciones\" class=\"lightbox\"><strong>Fotos -&gt; Embarcaciones&#8230;<\/strong><\/a><a title=\"\" href=\"https:\/\/thaserperitos.com\/wp-content\/uploads\/2012\/04\/EMBARCACIONES-1.jpg\" data-fancybx-group=\"Embarcaciones\" class=\"lightbox\"><\/a><a title=\"\" href=\"https:\/\/thaserperitos.com\/wp-content\/uploads\/2012\/04\/EMBARCACIONES-2.jpg\" data-fancybx-group=\"Embarcaciones\" class=\"lightbox\"><\/a><a title=\"\" href=\"https:\/\/thaserperitos.com\/wp-content\/uploads\/2012\/04\/EMBARCACIONES-3.jpg\" data-fancybx-group=\"Embarcaciones\" class=\"lightbox\"> <\/a><\/div><div class=\"clearboth\"><\/div>\n<div class=\"one_third\"><h3>Inspecci\u00f3n y auditorias de siniestros y reparaciones\u2026<\/h3>\n<figure class=\"image_styled aligncenter image_fit_mobile\" style=\"width:292px;\">\n\t\t<div class=\"image_frame effect-icon\"><div class=\"image_shadow_wrap\">\n\t\t<a data-fittoview=\"true\" class=\"image_size_medium image_icon_zoom lightbox\" title=\"Inspecci\u00f3n\" href=\"https:\/\/thaserperitos.com\/wp-content\/uploads\/2012\/04\/INSPECCION-Y-ADITORIAS-31.jpg\"><img decoding=\"async\" alt=\"Inspecci\u00f3n\" src=\"https:\/\/thaserperitos.com\/wp-content\/uploads\/strikingr\/images\/89_INSPECCION-Y-ADITORIAS-31-290x150.jpg\" data-theme-retina-image=\"false\"  data-thumbnail=\"89\" width=\"290\" height=\"150\" \/><\/a>\n\t\t<\/div><\/div><\/figure>\n<p style=\"text-align: right;\"><a title=\"\" href=\"https:\/\/thaserperitos.com\/wp-content\/uploads\/2012\/04\/INSPECCION-Y-ADITORIAS-31.jpg\" data-fancybx-group=\"Inspeccion\" class=\"lightbox\"><strong>Fotos -&gt; inspecci\u00f3n&#8230;<\/strong><\/a><a title=\"\" href=\"https:\/\/thaserperitos.com\/wp-content\/uploads\/2012\/04\/INSPECCION-Y-ADITORIAS-1.jpg\" data-fancybx-group=\"Inspeccion\" class=\"lightbox\"><\/a><a title=\"\" href=\"https:\/\/thaserperitos.com\/wp-content\/uploads\/2012\/04\/INSPECCION-Y-ADITORIAS-2.jpg\" data-fancybx-group=\"Inspeccion\" class=\"lightbox\"><\/a><a title=\"\" href=\"https:\/\/thaserperitos.com\/wp-content\/uploads\/2012\/04\/INSPECCION-Y-ADITORIAS-4.jpg\" data-fancybx-group=\"Inspeccion\" class=\"lightbox\"> <\/a><\/div>\n","protected":false},"excerpt":{"rendered":"","protected":false},"author":1,"featured_media":0,"parent":0,"menu_order":0,"comment_status":"open","ping_status":"open","template":"","meta":{"ngg_post_thumbnail":0,"footnotes":""},"class_list":["post-97","page","type-page","status-publish","hentry"],"aioseo_notices":[],"_hostinger_reach_plugin_has_subscription_block":false,"_hostinger_reach_plugin_is_elementor":false,"_links":{"self":[{"href":"https:\/\/thaserperitos.com\/index.php?rest_route=\/wp\/v2\/pages\/97","targetHints":{"allow":["GET"]}}],"collection":[{"href":"https:\/\/thaserperitos.com\/index.php?rest_route=\/wp\/v2\/pages"}],"about":[{"href":"https:\/\/thaserperitos.com\/index.php?rest_route=\/wp\/v2\/types\/page"}],"author":[{"embeddable":true,"href":"https:\/\/thaserperitos.com\/index.php?rest_route=\/wp\/v2\/users\/1"}],"replies":[{"embeddable":true,"href":"https:\/\/thaserperitos.com\/index.php?rest_route=%2Fwp%2Fv2%2Fcomments&post=97"}],"version-history":[{"count":93,"href":"https:\/\/thaserperitos.com\/index.php?rest_route=\/wp\/v2\/pages\/97\/revisions"}],"predecessor-version":[{"id":102,"href":"https:\/\/thaserperitos.com\/index.php?rest_route=\/wp\/v2\/pages\/97\/revisions\/102"}],"wp:attachment":[{"href":"https:\/\/thaserperitos.com\/index.php?rest_route=%2Fwp%2Fv2%2Fmedia&parent=97"}],"curies":[{"name":"wp","href":"https:\/\/api.w.org\/{rel}","templated":true}]}}