{"id":2,"date":"2012-04-18T14:20:48","date_gmt":"2012-04-18T14:20:48","guid":{"rendered":"https:\/\/olivedrab-ape-449500.hostingersite.com\/?page_id=2"},"modified":"2012-04-18T17:39:14","modified_gmt":"2012-04-18T16:39:14","slug":"pagina-ejemplo","status":"publish","type":"page","link":"https:\/\/thaserperitos.com\/?page_id=2","title":{"rendered":"Peritaciones para Seguros"},"content":{"rendered":"<h3>Nos adaptamos a las directrices de cada compa\u00f1\u00eda, ajustando el valor del da\u00f1o, resultado que se manifiesta como una considerable reducci\u00f3n del coste medio por siniestro.<\/h3>\n<h3>Prestamos servicio de Auditor\u00eda de reparaciones y coberturas de expedientes.<\/h3>\n<h3>Asimismo, ofrecemos un servicio de fotoperitaci\u00f3n respaldado por nuestros t\u00e9cnicos quienes controlan e inspeccionan la correcta ejecuci\u00f3n de las reparaciones vinculadas a cada expediente.<\/h3>\n","protected":false},"excerpt":{"rendered":"<p>Nos adaptamos a las directrices de cada compa\u00f1\u00eda, ajustando el valor del da\u00f1o, resultado que se manifiesta como una considerable reducci\u00f3n del coste medio por siniestro. Prestamos servicio de Auditor\u00eda de reparaciones y coberturas de expedientes. Asimismo, ofrecemos un servicio de fotoperitaci\u00f3n respaldado por nuestros t\u00e9cnicos quienes controlan e inspeccionan la correcta ejecuci\u00f3n de las &#8230;<\/p>\n","protected":false},"author":1,"featured_media":0,"parent":0,"menu_order":0,"comment_status":"open","ping_status":"open","template":"","meta":{"ngg_post_thumbnail":0,"footnotes":""},"class_list":["post-2","page","type-page","status-publish","hentry"],"aioseo_notices":[],"_hostinger_reach_plugin_has_subscription_block":false,"_hostinger_reach_plugin_is_elementor":false,"_links":{"self":[{"href":"https:\/\/thaserperitos.com\/index.php?rest_route=\/wp\/v2\/pages\/2","targetHints":{"allow":["GET"]}}],"collection":[{"href":"https:\/\/thaserperitos.com\/index.php?rest_route=\/wp\/v2\/pages"}],"about":[{"href":"https:\/\/thaserperitos.com\/index.php?rest_route=\/wp\/v2\/types\/page"}],"author":[{"embeddable":true,"href":"https:\/\/thaserperitos.com\/index.php?rest_route=\/wp\/v2\/users\/1"}],"replies":[{"embeddable":true,"href":"https:\/\/thaserperitos.com\/index.php?rest_route=%2Fwp%2Fv2%2Fcomments&post=2"}],"version-history":[{"count":4,"href":"https:\/\/thaserperitos.com\/index.php?rest_route=\/wp\/v2\/pages\/2\/revisions"}],"predecessor-version":[{"id":20,"href":"https:\/\/thaserperitos.com\/index.php?rest_route=\/wp\/v2\/pages\/2\/revisions\/20"}],"wp:attachment":[{"href":"https:\/\/thaserperitos.com\/index.php?rest_route=%2Fwp%2Fv2%2Fmedia&parent=2"}],"curies":[{"name":"wp","href":"https:\/\/api.w.org\/{rel}","templated":true}]}}