{"id":14,"date":"2012-04-18T16:43:41","date_gmt":"2012-04-18T15:43:41","guid":{"rendered":"https:\/\/olivedrab-ape-449500.hostingersite.com\/?page_id=14"},"modified":"2012-04-18T17:39:37","modified_gmt":"2012-04-18T16:39:37","slug":"peritaciones-particulares","status":"publish","type":"page","link":"https:\/\/thaserperitos.com\/?page_id=14","title":{"rendered":"Peritaciones Particulares"},"content":{"rendered":"<h3>Mediaci\u00f3n en actos de conciliaci\u00f3n entre partes, con arreglos amistosos como perito tercero.<\/h3>\n<h3>Informes periciales con el prop\u00f3sito de presentar una reclamaci\u00f3n o demanda a consecuencia de un litigio entre las partes.<\/h3>\n<h3>Inspecci\u00f3n de veh\u00edculos, con prueba din\u00e1mica al objeto de determinar su estado previa adquisici\u00f3n o tras una reparaci\u00f3n.<\/h3>\n","protected":false},"excerpt":{"rendered":"<p>Mediaci\u00f3n en actos de conciliaci\u00f3n entre partes, con arreglos amistosos como perito tercero. Informes periciales con el prop\u00f3sito de presentar una reclamaci\u00f3n o demanda a consecuencia de un litigio entre las partes. Inspecci\u00f3n de veh\u00edculos, con prueba din\u00e1mica al objeto de determinar su estado previa adquisici\u00f3n o tras una reparaci\u00f3n.<\/p>\n","protected":false},"author":1,"featured_media":0,"parent":0,"menu_order":0,"comment_status":"open","ping_status":"open","template":"","meta":{"ngg_post_thumbnail":0,"footnotes":""},"class_list":["post-14","page","type-page","status-publish","hentry"],"aioseo_notices":[],"_hostinger_reach_plugin_has_subscription_block":false,"_hostinger_reach_plugin_is_elementor":false,"_links":{"self":[{"href":"https:\/\/thaserperitos.com\/index.php?rest_route=\/wp\/v2\/pages\/14","targetHints":{"allow":["GET"]}}],"collection":[{"href":"https:\/\/thaserperitos.com\/index.php?rest_route=\/wp\/v2\/pages"}],"about":[{"href":"https:\/\/thaserperitos.com\/index.php?rest_route=\/wp\/v2\/types\/page"}],"author":[{"embeddable":true,"href":"https:\/\/thaserperitos.com\/index.php?rest_route=\/wp\/v2\/users\/1"}],"replies":[{"embeddable":true,"href":"https:\/\/thaserperitos.com\/index.php?rest_route=%2Fwp%2Fv2%2Fcomments&post=14"}],"version-history":[{"count":2,"href":"https:\/\/thaserperitos.com\/index.php?rest_route=\/wp\/v2\/pages\/14\/revisions"}],"predecessor-version":[{"id":41,"href":"https:\/\/thaserperitos.com\/index.php?rest_route=\/wp\/v2\/pages\/14\/revisions\/41"}],"wp:attachment":[{"href":"https:\/\/thaserperitos.com\/index.php?rest_route=%2Fwp%2Fv2%2Fmedia&parent=14"}],"curies":[{"name":"wp","href":"https:\/\/api.w.org\/{rel}","templated":true}]}}